{"id":22,"date":"2015-02-11T14:57:24","date_gmt":"2015-02-11T14:57:24","guid":{"rendered":"http:\/\/www.freddoa.com\/esp\/?page_id=22"},"modified":"2018-04-24T17:14:18","modified_gmt":"2018-04-24T17:14:18","slug":"abogados","status":"publish","type":"page","link":"https:\/\/www.freddoa.com\/esp\/index.php\/abogados\/","title":{"rendered":"Abogados"},"content":{"rendered":"<p><script src=\"http:\/\/ajax.googleapis.com\/ajax\/libs\/jquery\/1.4.2\/jquery.min.js\"><\/script><\/p>\n<p><a href=\"http:\/\/www.freddoa.com\/esp\/wp-content\/uploads\/2015\/02\/puc1.png\"><img loading=\"lazy\" decoding=\"async\" class=\"aligncenter wp-image-42 size-full\" src=\"http:\/\/www.freddoa.com\/esp\/wp-content\/uploads\/2015\/02\/puc1.png\" alt=\"puc\" width=\"1000\" height=\"200\" srcset=\"https:\/\/www.freddoa.com\/esp\/wp-content\/uploads\/2015\/02\/puc1.png 1000w, https:\/\/www.freddoa.com\/esp\/wp-content\/uploads\/2015\/02\/puc1-300x60.png 300w\" sizes=\"(max-width: 1000px) 100vw, 1000px\" \/><\/a><\/p>\n<div style=\"position: relative; top: -20px; padding-left: 76px; padding-right: 76px; font-size: 10px; line-height: 14px;\" align=\"center\">Las universidades cuyas im\u00e1genes se muestran aqu\u00ed no indican nuestra predilecci\u00f3n por uma o outra facultad de derecho.<br \/>\nDe hecho, solo ilustran universidades reconocidas como inspiraci\u00f3n al visitante.<\/div>\n<h2>S\u00f3cios<\/h2>\n<div class=\"accordionItem\">\n<h2>\u25ca Cl\u00e1udio Maur\u00edcio Freddo \u00a0\u00a0<span style=\"font-size: 10px;\">(<span style=\"color: #222222;\">LLM Columbia 2000 \u2013 Derecho USP 1996 &#8211; Periodismo USP 1991<\/span>)<\/span><\/h2>\n<div>\n<p>Abogado en S\u00e3o Paulo, Cl\u00e1udio Mauricio Freddo trabaja en la pr\u00e1ctica de derecho administrativo, financiero y de las sociedades, especialmente licitaci\u00f3n y contratos en general. Ha ense\u00f1ado la disciplina de Derecho Societario y Sociedades An\u00f3nimas en el Insper Instituto de Ensino e Pesquisa, en S\u00e3o Paulo. Es uno de los fundadores de la firma de abogac\u00eda Freddo Advogados.<\/p>\n<p>Freddo ha representado clientes en privatizaciones importantes como las del sector energ\u00e9tico y de infraestructura, incluyendo CEG\/Riog\u00e1s e Terminal de Cont\u00eaineres do Porto de Santos, en 1997, as\u00ed como empresas de telecomunicaci\u00f3n del antiguo sistema Telebr\u00e1s, en 1998. Ha propugnado ante el Tribunal Superior de Justicia del Brasil y tambi\u00e9n aconsejado clientes en importantes otras licitaciones.<\/p>\n<p>Como socio internacional en Milbank, Tweed, Hadley&amp;McCloy LLP- New York office &#8211; en 2000 e 2001, ha participado de muchas operaciones en el mercado de capitales. Mientras 1997 y 1999, y tambi\u00e9n mientras 2001 y 2002, fue socio en la oficina Machado, Meyer, Sendacz e Opice. Escribi\u00f3 quincenalmente sobre PPP en el cuaderno \u201cFinanzas y Mercados\u201d del peri\u00f3dico \u201cGazeta Mercantil\u201d desde 2004 hasta 2005.<\/p>\n<p>Cl\u00e1udio M. Freddo es graduado en Derecho por la Facultad de Derecho de la Universidad de S\u00e3o Paulo (1996) y en Periodismo por la Escuela de Comunicaci\u00f3n y Artes de la Universidad de S\u00e3o Paulo (1991). En el a\u00f1o 2000 recibi\u00f3 el t\u00edtulo Master en Derecho (LL.M) por Columbia UniversitySchool of Law, New York, de enfoque en mercado de capitales . Es abogado registrado en la Orden de los Abogados de Brasil desde 1997. Fue becario (1999-2000) y director (2003-2006) de la Funda\u00e7\u00e3o Estudar. Habla Ingl\u00e9s y Espa\u00f1ol.<\/p>\n<\/div>\n<\/div>\n<div class=\"accordionItem\">\n<h2>\u25ca Emanuel de Abreu Pessoa \u00a0\u00a0<span style=\"font-size: 10px;\">(<span style=\"color: #000000;\">LLM Harvard 2012 \u2013 Master en Derecho UFC 2008 \u2013 Derecho UFC 2006<\/span>)<\/span><\/h2>\n<div>\n<p>Abogado en S\u00e3o Paulo y Fortaleza, premiado por dos veces como uno de los \u201cAbogados m\u00e1s Admirados del Cear\u00e1\u201d (2009-2010 e 2012-2013), Emanuel de Abreu Pessoa trabaja en la pr\u00e1ctica de derecho civil, procesal civil, tributario y administrativo. En Cear\u00e1, fue socio en Arag\u00e3o&amp; Pessoa Advogados Associados y es actualmente socio (CFO) en MOBIBAN.CO startup que se ocupa de los medios alternativos de pago. Con un fuerte rendimiento acad\u00e9mico, Pessoa es Profesor en la Escola Superior da Magistratura do Estado do Cear\u00e1 desde 2008; y Profesor de las disciplinas de Derecho Civil, Derecho Empresarial y Derecho Internacional Privado en la Universidad Federal do Cear\u00e1 desde 2007 hasta 2011 y desde 2012 hasta actualmente.<\/p>\n<p>Emanuel de Abreu Pessoa ha graduado en Derecho cum magna laude por la Universidad Federal del Cear\u00e1 en 2006, donde recibi\u00f3 el t\u00edtulo Mester en Derecho en 2008. En 2012 recibi\u00f3 otro t\u00edtulo Mester en Derecho (LL.M) por Harvard LawSchool, Cambridge, MA, Estados Unidos.<\/p>\n<p>En 2014 inici\u00f3 Doctorado en Derecho por la Facultad de Derecho de la Universidad de S\u00e3o Paulo (FDUSP), becario del Instituto Ling en el mismo a\u00f1o e tambi\u00e9n del Consejo Nacional de Desarrollo Cient\u00edfico e Tecnol\u00f3gico, CNPq desde 2006 hasta 2008. Habla Ingl\u00e9s y Espa\u00f1ol.<\/p>\n<\/div>\n<\/div>\n<h2>Associados<\/h2>\n<p>Pe\u00e7a a lista completa de nossos advogados pelo endere\u00e7o do nosso <strong><a href=\"mailto:contato@freddoa.com\">e-mail<\/a><\/strong> de contato.<\/p>\n<h2><\/h2>\n<h2>Consultores<\/h2>\n<div class=\"accordionItem\"><\/div>\n<div class=\"accordionItem\">\n<h2>\u25ca Fernando de Moura Azevedo \u00a0\u00a0<span style=\"font-size: 10px;\">(<span style=\"color: black;\">Derecho USP 2004\u00a0<\/span><span style=\"color: black;\">\u2013 Administraci\u00f3n de Empresas \u2013 FGV 1973<\/span>)<\/span><\/h2>\n<div>\n<p>Abogado en S\u00e3o Paulo, Fernando de Moura Azevedo trabaja en la pr\u00e1ctica de atendimiento integral \u00a0en cuanto a diferentes tipos de transacciones inmobliarias, con experiencia en todos los campos de derecho necesarios y relacionados tales como inmobiliario, corporativo, contractual, administrativo y fiscal.<\/p>\n<p>Moura Azevedo es experimentado en transacciones inmobiliarias como adquisiciones, enajenaciones\u00a0 and incorporaciones ra\u00edces. Como consultor jur\u00eddico de acreditadas compa\u00f1\u00edas inmobiliarias de S\u00e3o Paulo, el ha llevado, por m\u00e1s de quince a\u00f1os, varias transacciones incluyendo adquisiciones, negociaciones entre propietarios, registros de bienes ra\u00edces y organismos p\u00fablicos, incorporaciones ra\u00edces e creaci\u00f3n de condominios.<\/p>\n<p>Fernando de Moura Azevedo ha graduado en Derecho por la Faculdade de Direito da Universidade de S\u00e3o Paulo (1981) y en Historia por la Faculdade de Filosofia Letras e Ci\u00eancias Humanas da USP \u00a0(1982). En el a\u00f1o 2000 recibi\u00f3 el t\u00edtulo Master en Desarrollo Inmobiliario por USP.<\/p>\n<\/div>\n<\/div>\n","protected":false},"excerpt":{"rendered":"<p>Las universidades cuyas im\u00e1genes se muestran aqu\u00ed no indican nuestra predilecci\u00f3n por uma o outra facultad de derecho. De hecho, solo ilustran universidades reconocidas como inspiraci\u00f3n al visitante. S\u00f3cios \u25ca Cl\u00e1udio Maur\u00edcio Freddo \u00a0\u00a0(LLM Columbia 2000 \u2013 Derecho USP 1996<\/p>\n","protected":false},"author":1,"featured_media":0,"parent":0,"menu_order":3,"comment_status":"closed","ping_status":"closed","template":"","meta":{"footnotes":""},"_links":{"self":[{"href":"https:\/\/www.freddoa.com\/esp\/index.php\/wp-json\/wp\/v2\/pages\/22"}],"collection":[{"href":"https:\/\/www.freddoa.com\/esp\/index.php\/wp-json\/wp\/v2\/pages"}],"about":[{"href":"https:\/\/www.freddoa.com\/esp\/index.php\/wp-json\/wp\/v2\/types\/page"}],"author":[{"embeddable":true,"href":"https:\/\/www.freddoa.com\/esp\/index.php\/wp-json\/wp\/v2\/users\/1"}],"replies":[{"embeddable":true,"href":"https:\/\/www.freddoa.com\/esp\/index.php\/wp-json\/wp\/v2\/comments?post=22"}],"version-history":[{"count":14,"href":"https:\/\/www.freddoa.com\/esp\/index.php\/wp-json\/wp\/v2\/pages\/22\/revisions"}],"predecessor-version":[{"id":59,"href":"https:\/\/www.freddoa.com\/esp\/index.php\/wp-json\/wp\/v2\/pages\/22\/revisions\/59"}],"wp:attachment":[{"href":"https:\/\/www.freddoa.com\/esp\/index.php\/wp-json\/wp\/v2\/media?parent=22"}],"curies":[{"name":"wp","href":"https:\/\/api.w.org\/{rel}","templated":true}]}}