{"id":2,"date":"2015-01-14T02:41:25","date_gmt":"2015-01-14T02:41:25","guid":{"rendered":"http:\/\/www.freddoa.com\/esp\/?page_id=2"},"modified":"2015-02-12T16:01:49","modified_gmt":"2015-02-12T16:01:49","slug":"sample-page","status":"publish","type":"page","link":"https:\/\/www.freddoa.com\/esp\/","title":{"rendered":"La Firma"},"content":{"rendered":"<p>Freddo Advogados cree en la pr\u00e1ctica de la abogac\u00eda cuyo objetivo es solamente uno: producir resultados a los clientes. Respetamos, siempre, los siguientes valores: relaciones transparentes, agilidad en el atendimiento y en las respuestas a los clientes, soluciones simples en las situaciones en que la complexidad no es necesaria.<\/p>\n<p>Prestamos servicios jur\u00eddicos en derecho empresarial a los clientes brasile\u00f1os y extranjeros. Ofrecemos servicios espec\u00edficos, altamente especializados, en cinco \u00e1reas del derecho: contractos, contencioso, financiamientos, investimentos extranjeros en Brasil y licitaciones.<\/p>\n<p>Prestamos servicios jur\u00eddicos consultivos e actuamos en el contencioso.<\/p>\n<p>En la \u00faltima d\u00e9cada, a pesar de atender a todos los sectores de la actividad econ\u00f3mica, y como fruto de un proceso natural bajo la luz del hist\u00f3rico de sus socios, la oficina pasa por un proceso de consolidaci\u00f3n en segmentos espec\u00edficos, como: inversores extranjeros en Brasil, empresas de tecnolog\u00eda\u00a0 \u2014incluso start-ups \u2014, empresas de comunicaci\u00f3n y mercado\u00a0 financiero.<\/p>\n<p>Nuestra oficina mantiene estrecha conexi\u00f3n con las principales capitales brasile\u00f1as.<\/p>\n<p>En acciones judiciales, por medio de una combinaci\u00f3n de servicios prestados por correspondientes y por proceso electr\u00f3nico, tambi\u00e9n actuamos en ciudades del interior de Brasil.<\/p>\n<p>Nuestros Abogados poseen formaci\u00f3n acad\u00e9mica y experiencia profesional\u00a0 jur\u00eddica en Brasil y en los Estados Unidos.<\/p>\n","protected":false},"excerpt":{"rendered":"<p>Freddo Advogados cree en la pr\u00e1ctica de la abogac\u00eda cuyo objetivo es solamente uno: producir resultados a los clientes. Respetamos, siempre, los siguientes valores: relaciones transparentes, agilidad en el atendimiento y en las respuestas a los clientes, soluciones simples en<\/p>\n","protected":false},"author":1,"featured_media":0,"parent":0,"menu_order":1,"comment_status":"closed","ping_status":"closed","template":"","meta":{"footnotes":""},"_links":{"self":[{"href":"https:\/\/www.freddoa.com\/esp\/index.php\/wp-json\/wp\/v2\/pages\/2"}],"collection":[{"href":"https:\/\/www.freddoa.com\/esp\/index.php\/wp-json\/wp\/v2\/pages"}],"about":[{"href":"https:\/\/www.freddoa.com\/esp\/index.php\/wp-json\/wp\/v2\/types\/page"}],"author":[{"embeddable":true,"href":"https:\/\/www.freddoa.com\/esp\/index.php\/wp-json\/wp\/v2\/users\/1"}],"replies":[{"embeddable":true,"href":"https:\/\/www.freddoa.com\/esp\/index.php\/wp-json\/wp\/v2\/comments?post=2"}],"version-history":[{"count":2,"href":"https:\/\/www.freddoa.com\/esp\/index.php\/wp-json\/wp\/v2\/pages\/2\/revisions"}],"predecessor-version":[{"id":28,"href":"https:\/\/www.freddoa.com\/esp\/index.php\/wp-json\/wp\/v2\/pages\/2\/revisions\/28"}],"wp:attachment":[{"href":"https:\/\/www.freddoa.com\/esp\/index.php\/wp-json\/wp\/v2\/media?parent=2"}],"curies":[{"name":"wp","href":"https:\/\/api.w.org\/{rel}","templated":true}]}}