{"id":17,"date":"2015-02-11T14:37:40","date_gmt":"2015-02-11T14:37:40","guid":{"rendered":"http:\/\/www.freddoa.com\/esp\/?page_id=17"},"modified":"2015-02-26T13:41:39","modified_gmt":"2015-02-26T13:41:39","slug":"links","status":"publish","type":"page","link":"https:\/\/www.freddoa.com\/esp\/index.php\/links\/","title":{"rendered":"Links"},"content":{"rendered":"<p><img loading=\"lazy\" decoding=\"async\" class=\"aligncenter size-full wp-image-258\" src=\"http:\/\/www.freddoa.com\/new2\/wp-content\/uploads\/2014\/07\/columbia.png\" alt=\"columbia\" width=\"1000\" height=\"200\" \/><\/p>\n<div style=\"position: relative; top: -20px; padding-left: 76px; padding-right: 76px; font-size: 10px; line-height: 14px;\" align=\"center\">Las universidades cuyas im\u00e1genes se muestran aqu\u00ed no indican nuestra predilecci\u00f3n por uma o outra facultad de derecho.<br \/>\nDe hecho, solo ilustran universidades reconocidas como inspiraci\u00f3n al visitante. <\/div>\n<p><strong>Altos Tribunales<\/strong><\/p>\n<ul>\n<li><a href=\"http:\/\/www.stf.jus.br\/portal\/principal\/principal.asp\" target=\"_blank\">Supremo Tribunal Federal<\/a><\/li>\n<li><a href=\"http:\/\/www.stj.jus.br\/\" target=\"_blank\">Tribunal Superior de Justicia<\/a><\/li>\n<li><a href=\"http:\/\/www.stm.jus.br\/\" target=\"_blank\">Tribunal Superior Militar<\/a><\/li>\n<li><a href=\"http:\/\/www.tse.jus.br\/\" target=\"_blank\">Tribunal Superior Electoral<\/a><\/li>\n<li><a href=\"http:\/\/www.tst.jus.br\/\" target=\"_blank\">Tribunal Superior del Trabajo<\/a><\/li>\n<\/ul>\n<p><strong>Tribunales Regionales del Trabajo<\/strong><\/p>\n<ul>\n<li><a href=\"http:\/\/www.trt1.jus.br\/\" target=\"_blank\">1\u00aa regi\u00f3n (Rio de Janeiro)<\/a><\/li>\n<li><a href=\"http:\/\/www.trtsp.jus.br\/\" target=\"_blank\">2\u00aa regi\u00f3n (S\u00e3o Paulo)<\/a><\/li>\n<li><a href=\"http:\/\/www.trt3.jus.br\/\" target=\"_blank\">3\u00aa regi\u00f3n (Minas Gerais)<\/a><\/li>\n<li><a href=\"http:\/\/portal.trt15.jus.br\/\" target=\"_blank\">15\u00aa regi\u00f3n (Campinas)<\/a><\/li>\n<\/ul>\n<p><strong>Tribunales Regionales Federales<\/strong><\/p>\n<ul>\n<li><a href=\"http:\/\/portal.trf1.jus.br\/portaltrf1\/pagina-inicial.htm\" target=\"_blank\">1\u00aa regi\u00f3n (AC\/AM\/RR\/RO\/AP\/MT\/MA\/TO\/DF\/GO\/PI\/BA\/MG)<\/a><\/li>\n<li><a href=\"http:\/\/www.trf2.jus.br\/Paginas\/paginainicial.aspx?js=1\" target=\"_blank\">2\u00aa regi\u00f3n (RJ\/ES)<\/a><\/li>\n<li><a href=\"http:\/\/www.trf3.jus.br\/\" target=\"_blank\">3\u00aa regi\u00f3n (SP\/MS)<\/a><\/li>\n<li><a href=\"http:\/\/www2.trf4.jus.br\/trf4\/\" target=\"_blank\">4\u00aa regi\u00f3n (PR\/SC\/RS)<\/a><\/li>\n<li><a href=\"http:\/\/www.trf5.jus.br\/\" target=\"_blank\">5\u00aa regi\u00f3n (AL\/CE\/PB\/PE\/RN\/SE)<\/a><\/li>\n<\/ul>\n<p><strong>Tribunales de Justicia Estaduales<\/strong><\/p>\n<ul>\n<li><a href=\"http:\/\/www.tjsp.jus.br\/\" target=\"_blank\">S\u00e3o Paulo<\/a><\/li>\n<li><a href=\"http:\/\/www.tjrj.jus.br\/web\/guest\" target=\"_blank\">Rio de Janeiro<\/a><\/li>\n<li><a href=\"http:\/\/www.tjmg.jus.br\/portal\/\" target=\"_blank\">Minas Gerais<\/a><\/li>\n<li><a href=\"http:\/\/www.tjdft.jus.br\/\" target=\"_blank\">Distrito Federal<\/a><\/li>\n<\/ul>\n<p><strong>\u00d3rganos Fiscales<\/strong><\/p>\n<ul>\n<li><a href=\"http:\/\/www.receita.fazenda.gov.br\/\" target=\"_blank\">Secretar\u00eda de recaudaci\u00f3n tribut\u00e1ria de Brasil<\/a><\/li>\n<li><a href=\"http:\/\/www.conselhos.fazenda.gov.br\/\" target=\"_blank\">Tribunal Fiscal Administrativo<\/a><\/li>\n<li><a href=\"http:\/\/www.fazenda.sp.gov.br\/\" target=\"_blank\">Hacienda P\u00fablica de S\u00e3o Paulo<\/a><\/li>\n<li><a href=\"http:\/\/www.fazenda.sp.gov.br\/\" target=\"_blank\">Hacienda P\u00fablica del Rio de Janeiro<\/a><\/li>\n<li><a href=\"http:\/\/www.fazenda.mg.gov.br\/\" target=\"_blank\">Hacienda P\u00fablica de Minas Gerais<\/a><\/li>\n<li><a href=\"http:\/\/www.fazenda.df.gov.br\/\" target=\"_blank\">Hacienda P\u00fablica del Distrito Federal<\/a><\/li>\n<\/ul>\n<p><strong>Derecho de Sociedades<\/strong><\/p>\n<ul>\n<li><a href=\"http:\/\/www.cvm.gov.br\/\" target=\"_blank\">Comission Nacional de Valores<\/a><\/li>\n<li><a href=\"http:\/\/www.cade.gov.br\/\" target=\"_blank\">Comisi\u00f3n de Defensa\u00a0Econ\u00f3mica\u00a0Nacional<\/a><\/li>\n<li><a href=\"www.bcb.gov.br\/\" target=\"_blank\">Banco Central de Brasil<\/a><\/li>\n<li><a href=\"http:\/\/www.inpi.gov.br\/portal\/\" target=\"_blank\">Instituto Nacional de la Propiedad Industrial<\/a><\/li>\n<li><a href=\"https:\/\/www.jucesponline.sp.gov.br\/\" target=\"_blank\">Registro de Sociedades de S\u00e3o Paulo<\/a><\/li>\n<li><a href=\"http:\/\/www.jucerja.rj.gov.br\/\" target=\"_blank\">Registro de Sociedades de Rio de Janeiro<\/a><\/li>\n<li><a href=\"http:\/\/www.jucemg.mg.gov.br\/ibr\/\" target=\"_blank\">Registro de Sociedades de Minas Gerais<\/a><\/li>\n<li><a href=\"http:\/\/www.jcdf.desenvolvimento.gov.br\/\" target=\"_blank\">Registro de Sociedades de Distrito Federal<\/a><\/li>\n<\/ul>\n<p><strong>Comercio Internacional<\/strong><\/p>\n<ul>\n<li><a href=\"http:\/\/www.wto.org\/\" target=\"_blank\">Organizaci\u00f3n Mundial del Comercio<\/a><\/li>\n<li><a href=\"http:\/\/www.receita.fazenda.gov.br\/legislacao\/LegisAssunto\/Siscomex.htm\" target=\"_blank\">\u00d3rgano de Fiscal\u00eda de Comercio Internacional<\/a><\/li>\n<li><a href=\"http:\/\/www.camex.gov.br\/\" target=\"_blank\">C\u00e1mara de Comercio Internacional<\/a><\/li>\n<li><a href=\"http:\/\/www.amcham.com.br\/\" target=\"_blank\">C\u00e1mara de Comercio Brasil-Estados Unidos<\/a><\/li>\n<\/ul>\n<p><strong>Noticia<\/strong><\/p>\n<ul>\n<li><a href=\"http:\/\/www.folha.uol.com.br\/\" target=\"_blank\">Folha de S. Paulo (National Newspaper)<\/a><\/li>\n<li><a href=\"http:\/\/www.estadao.com.br\/\" target=\"_blank\">O Estado de S\u00e3o Paulo (National Newspaper)<\/a><\/li>\n<li><a href=\"http:\/\/www.migalhas.com.br\/\" target=\"_blank\">Migalhas (Legal website)<\/a><\/li>\n<li><a href=\"http:\/\/www.conjur.com.br\/\" target=\"_blank\">Consultor Jur\u00eddico &#8211; Conjur (Legal website)<\/a><\/li>\n<\/ul>\n<p><strong>OAB<\/strong><\/p>\n<ul>\n<li><a href=\"http:\/\/www.oab.org.br\/\" target=\"_blank\">Orden de Abogados del Brasil &#8211; OAB<\/a><\/li>\n<\/ul>\n<p>&nbsp;<\/p>\n","protected":false},"excerpt":{"rendered":"<p>Las universidades cuyas im\u00e1genes se muestran aqu\u00ed no indican nuestra predilecci\u00f3n por uma o outra facultad de derecho. De hecho, solo ilustran universidades reconocidas como inspiraci\u00f3n al visitante. Altos Tribunales Supremo Tribunal Federal Tribunal Superior de Justicia Tribunal Superior Militar<\/p>\n","protected":false},"author":1,"featured_media":0,"parent":0,"menu_order":4,"comment_status":"closed","ping_status":"closed","template":"","meta":{"footnotes":""},"_links":{"self":[{"href":"https:\/\/www.freddoa.com\/esp\/index.php\/wp-json\/wp\/v2\/pages\/17"}],"collection":[{"href":"https:\/\/www.freddoa.com\/esp\/index.php\/wp-json\/wp\/v2\/pages"}],"about":[{"href":"https:\/\/www.freddoa.com\/esp\/index.php\/wp-json\/wp\/v2\/types\/page"}],"author":[{"embeddable":true,"href":"https:\/\/www.freddoa.com\/esp\/index.php\/wp-json\/wp\/v2\/users\/1"}],"replies":[{"embeddable":true,"href":"https:\/\/www.freddoa.com\/esp\/index.php\/wp-json\/wp\/v2\/comments?post=17"}],"version-history":[{"count":5,"href":"https:\/\/www.freddoa.com\/esp\/index.php\/wp-json\/wp\/v2\/pages\/17\/revisions"}],"predecessor-version":[{"id":33,"href":"https:\/\/www.freddoa.com\/esp\/index.php\/wp-json\/wp\/v2\/pages\/17\/revisions\/33"}],"wp:attachment":[{"href":"https:\/\/www.freddoa.com\/esp\/index.php\/wp-json\/wp\/v2\/media?parent=17"}],"curies":[{"name":"wp","href":"https:\/\/api.w.org\/{rel}","templated":true}]}}