{"id":12,"date":"2015-02-10T16:16:23","date_gmt":"2015-02-10T16:16:23","guid":{"rendered":"http:\/\/www.freddoa.com\/esp\/?page_id=12"},"modified":"2015-02-26T13:40:46","modified_gmt":"2015-02-26T13:40:46","slug":"areas-de-practica","status":"publish","type":"page","link":"https:\/\/www.freddoa.com\/esp\/index.php\/areas-de-practica\/","title":{"rendered":"\u00c1reas de Pr\u00e1ctica"},"content":{"rendered":"<p><script src=\"http:\/\/ajax.googleapis.com\/ajax\/libs\/jquery\/1.4.2\/jquery.min.js\"><\/script><\/p>\n<p><img loading=\"lazy\" decoding=\"async\" class=\"aligncenter size-full wp-image-247\" src=\"http:\/\/www.freddoa.com\/new2\/wp-content\/uploads\/2015\/01\/usp.png\" alt=\"usp\" width=\"1000\" height=\"200\" \/><\/p>\n<div style=\"position: relative; top: -20px; padding-left: 76px; padding-right: 76px; font-size: 10px; line-height: 14px;\" align=\"center\">Las universidades cuyas im\u00e1genes se muestran aqu\u00ed no indican nuestra predilecci\u00f3n por uma o outra facultad de derecho.<br \/>\nDe hecho, solo ilustran universidades reconocidas como inspiraci\u00f3n al visitante. <\/div>\n<div style=\"float: left; width: 40%; padding-left: 40px;\">\n<div class=\"accordionItem\">\n<h2>\u25ca Administrativo<\/h2>\n<div>\n<p>Actuaci\u00f3n en procesos y procedimientos administrativos e judiciales relacionados con la responsabilidad del Estado y servidores p\u00fablicos.<br \/>\nConsultor\u00eda integral en licitaciones p\u00fablicas, que incluyen an\u00e1lisis de convocatorias, orientaciones sobre la preparaci\u00f3n de documentos, participaci\u00f3n en audiencias de apertura de sobres, elaboraci\u00f3n, redacci\u00f3n e proposici\u00f3n de recursos administrativos y medidas judiciales aplicables.<br \/>\nAn\u00e1lisis e interpretaci\u00f3n de contratos administrativos, incluyendo los contratos de concesi\u00f3n, sociedades p\u00fablico-privadas y sectores regulados.<\/p>\n<\/div>\n<\/div>\n<div class=\"accordionItem\">\n<h2>\u25ca Competencia y Defensa Comercial<\/h2>\n<div>\n<p>Legislaci\u00f3n antimonopolio y de control del abuso de poder econ\u00f3mico; actuaci\u00f3n ante los \u00f3rganos de defensa de la competencia (SEAE e CADE), especialmente en casos de actos de concentraci\u00f3n yconductas desmedidas, asesorando a las empresas afectadas con el fin de iniciar una representaci\u00f3n o para defenderse en el proceso administrativo; derecho a la defensa comercial (procesos antidumping, anti subvenci\u00f3n, salvaguardias, etc.).<\/p>\n<\/div>\n<\/div>\n<div class=\"accordionItem\">\n<h2>\u25ca Consumidor<\/h2>\n<div>\n<p>Consultor\u00eda; an\u00e1lisis de aspectos del derecho del consumidor en contratos y transacciones comerciales; procesos administrativos ante Procon; contencioso judicial; asesor\u00eda para acuerdos a respecto de relaciones de consumo; an\u00e1lisis y planificaci\u00f3n de los aspectos judiciales de recalls, campa\u00f1as publicitarias y estrategias de Marketing.<\/p>\n<\/div>\n<\/div>\n<div class=\"accordionItem\">\n<h2>\u25ca Contencioso Judicial y Arbitrajes<\/h2>\n<div>\n<p>Actuaci\u00f3n ante el Poder Judiciario en derecho civil, societario, del trabajo, administrativo y tributario. Participaci\u00f3n en soluciones pac\u00edficas de conflictos, asesorando nuestros clientes en procesos de mediaci\u00f3n, conciliaci\u00f3n y arbitraje.<\/p>\n<\/div>\n<\/div>\n<div class=\"accordionItem\">\n<h2>\u25ca Contratos<\/h2>\n<div>\n<p>Tenemos experiencia en negociar y redactar contratos de derechos civil y empresarial, entre los que se incluyen venta y compra, obra y servicio, prenda, licencias de uso, transferencias de tecnolog\u00eda, asistencia t\u00e9cnica, arrendamiento mercantil, fornecimiento, fabricaci\u00f3n por pedido, representaci\u00f3n comercial, comisi\u00f3n mercantil, diligencia y distribuci\u00f3n.<\/p>\n<\/div>\n<\/div>\n<div class=\"accordionItem\">\n<h2>\u25ca Inmobili\u00e1rio<\/h2>\n<div id=\"imo\">\n<p>Asesor\u00eda jur\u00eddica integral en negocios inmobiliarios. Elaboraci\u00f3n de contratos de venta y compra, permuta, daci\u00f3n en pago, constituci\u00f3n de hipotecas, comodato, locaci\u00f3n cesi\u00f3n de derechos sobre un inm\u00f3vil. Elaboraci\u00f3n y revisi\u00f3n de minutas de escrituras p\u00fablicas de compra y venta, convenciones condominios y shopping centers.<br \/>\nVerificaci\u00f3n de La titularidad y existencia de cargas sobre inm\u00f3viles, as\u00ed como an\u00e1lisis y obtenci\u00f3n de todos los documentos que garanticen una transacci\u00f3n sin riesgos para el vendedor y el comprador.<br \/>\nConsultor\u00eda en operaciones de titulaci\u00f3n de cuentas a recibir inmobiliarias, obligaciones inmobiliarias y fondos de inversi\u00f3n inmobiliaria.<br \/>\nAsesor\u00eda contenciosa en cuestiones inmobiliarias, como cobranzas del alquiler y desahucio, acciones posesorias, responsabilidad civil por defectos en el inm\u00f3vil, da\u00f1os al medio ambiente, embargo de obras, responsabilidad de los ingenieros y arquitectos, problemas de incumplimiento e recisi\u00f3n contractual, restituci\u00f3n de cuant\u00edas pagas.<\/p>\n<\/div>\n<\/div>\n<\/div>\n<div style=\"float: right; width: 50%;\">\n<div class=\"accordionItem\">\n<h2>\u25ca Fam\u00edlia<\/h2>\n<div id=\"fam\">Actuaci\u00f3n en inventarios judiciales y extrajudiciales, tales como planeamiento sucesorio en vida.<\/div>\n<\/div>\n<div class=\"accordionItem\">\n<h2>\u25ca Financiamientos<\/h2>\n<div id=\"fin\">\n<p>Respuestas a consultas en derecho brasile\u00f1o aplicable, auditor\u00eda e asesor\u00eda en negociaci\u00f3n e redacci\u00f3n de contratos y opiniones legales en reestructuraci\u00f3n de dividas y en pr\u00e9stamos tradicionales, por medio del mercado de capitales en Brasil y en exterior en emisiones de equity o debt, o, todav\u00eda, en la modalidad de financiamiento de proyectos, generalmente denominados project finance, \u00e1rea en la cual nuestras actividades incluyen consultor\u00eda en las licitaciones de concesi\u00f3n; an\u00e1lisis de contractos de concesi\u00f3n; estudio de los riscos jur\u00eddicos relacionados al proyecto a la luz de las variables , en especial los riesgos de operaci\u00f3n, comercial, pol\u00edtico e regulatorio; concepci\u00f3n de la estructura de los contractos de proyectos financieros y de garant\u00eda bajo la \u00f3ptica del derecho brasile\u00f1o; negociaci\u00f3n y redacci\u00f3n de eses contratos; constituci\u00f3n de la empresa-proyecto; interface con las agencias reguladoras.<\/p>\n<\/div>\n<\/div>\n<div class=\"accordionItem\">\n<h2>\u25ca Investimentos Extranjeiros<\/h2>\n<div id=\"inv\">\n<p>Ofrecemos a los clientes extranjeros asesor\u00eda para toda la actividad relacionado con la actuaci\u00f3n en nuestro pa\u00eds. Consultor\u00eda sobre derecho aplicable, riesgos de los negocios y cuestiones tributarias. Procedimientos de constituci\u00f3n ante el Banco Central de Brasil, remesa de lucros; repatriaci\u00f3n de capitales; transferencia de tecnolog\u00edas, marcas y asistencia t\u00e9cnica internacional.<\/p>\n<\/div>\n<\/div>\n<div class=\"accordionItem\">\n<h2>\u25ca Societario<\/h2>\n<div id=\"soc\">\n<p>Elaboraci\u00f3n estrat\u00e9gica de contratos y estatutos sociales, planeamiento societario, constituci\u00f3n de sociedades, alteraciones estatuarias o contractuales, disoluci\u00f3n, cisi\u00f3n, fusi\u00f3n e incorporaci\u00f3n de sociedades \u2014 incluyendo a an\u00e1lisis y duediligence \u2014e reestructuraci\u00f3n de empresas. Contrataci\u00f3n y negociaci\u00f3n de operaciones de venta, adquisici\u00f3n y organizaci\u00f3n de sociedades y jointventures.<br \/>\nConsultor\u00eda en cuestiones relacionadas al mercado financiero, as\u00ed como actuaci\u00f3n en procedimientos administrativos relacionados a la CVM.<\/p>\n<\/div>\n<\/div>\n<div class=\"accordionItem\">\n<h2>\u25ca Laboral<\/h2>\n<div id=\"tra\">\n<p>Consultor\u00eda preventiva en acuerdos y convenciones colectivas y contenciosas, generalmente en la asistencia a empresas y sindicatos, mirando a los aspectos econ\u00f3micos relacionados con el atendimiento a la legislaci\u00f3n laboral y de seguridad e higiene del trabajo. Desactivaci\u00f3n de empresas o unidades espec\u00edficas, adquisici\u00f3n de fondos de comercio y empresas, reubicaci\u00f3n de empleados y evaluaci\u00f3n del pasivo laboral.<\/p>\n<\/div>\n<\/div>\n<div class=\"accordionItem\">\n<h2>\u25ca Tributario<\/h2>\n<div id=\"tri\">Ofrecemos a nuestro clientes servicios jur\u00eddicos de planeamiento tributario, auditoria, consultor\u00eda fiscal, evaluaci\u00f3n de pasivo; servicios prestados ante autoridades fiscales federales, provinciales, municipales, actuaci\u00f3n en procedimientos y procesos administrativos y judiciales.<\/div>\n<\/div>\n<\/div>\n","protected":false},"excerpt":{"rendered":"<p>Las universidades cuyas im\u00e1genes se muestran aqu\u00ed no indican nuestra predilecci\u00f3n por uma o outra facultad de derecho. De hecho, solo ilustran universidades reconocidas como inspiraci\u00f3n al visitante. \u25ca Administrativo Actuaci\u00f3n en procesos y procedimientos administrativos e judiciales relacionados con<\/p>\n","protected":false},"author":1,"featured_media":0,"parent":0,"menu_order":2,"comment_status":"closed","ping_status":"closed","template":"","meta":{"footnotes":""},"_links":{"self":[{"href":"https:\/\/www.freddoa.com\/esp\/index.php\/wp-json\/wp\/v2\/pages\/12"}],"collection":[{"href":"https:\/\/www.freddoa.com\/esp\/index.php\/wp-json\/wp\/v2\/pages"}],"about":[{"href":"https:\/\/www.freddoa.com\/esp\/index.php\/wp-json\/wp\/v2\/types\/page"}],"author":[{"embeddable":true,"href":"https:\/\/www.freddoa.com\/esp\/index.php\/wp-json\/wp\/v2\/users\/1"}],"replies":[{"embeddable":true,"href":"https:\/\/www.freddoa.com\/esp\/index.php\/wp-json\/wp\/v2\/comments?post=12"}],"version-history":[{"count":3,"href":"https:\/\/www.freddoa.com\/esp\/index.php\/wp-json\/wp\/v2\/pages\/12\/revisions"}],"predecessor-version":[{"id":31,"href":"https:\/\/www.freddoa.com\/esp\/index.php\/wp-json\/wp\/v2\/pages\/12\/revisions\/31"}],"wp:attachment":[{"href":"https:\/\/www.freddoa.com\/esp\/index.php\/wp-json\/wp\/v2\/media?parent=12"}],"curies":[{"name":"wp","href":"https:\/\/api.w.org\/{rel}","templated":true}]}}