{"id":187,"date":"2015-01-30T07:08:41","date_gmt":"2015-01-30T07:08:41","guid":{"rendered":"http:\/\/www.freddoa.com\/eng\/?page_id=187"},"modified":"2018-04-24T17:12:39","modified_gmt":"2018-04-24T17:12:39","slug":"attorneys","status":"publish","type":"page","link":"https:\/\/www.freddoa.com\/eng\/index.php\/attorneys\/","title":{"rendered":"Attorneys"},"content":{"rendered":"<p><script src=\"http:\/\/ajax.googleapis.com\/ajax\/libs\/jquery\/1.4.2\/jquery.min.js\" type=\"text\/javascript\"><\/script><\/p>\n<p><a href=\"http:\/\/www.freddoa.com\/eng\/wp-content\/uploads\/2015\/02\/puc1.png\"><img loading=\"lazy\" decoding=\"async\" class=\"aligncenter size-full wp-image-231\" src=\"http:\/\/www.freddoa.com\/eng\/wp-content\/uploads\/2015\/02\/puc1.png\" alt=\"puc\" width=\"1000\" height=\"200\" srcset=\"https:\/\/www.freddoa.com\/eng\/wp-content\/uploads\/2015\/02\/puc1.png 1000w, https:\/\/www.freddoa.com\/eng\/wp-content\/uploads\/2015\/02\/puc1-300x60.png 300w\" sizes=\"(max-width: 1000px) 100vw, 1000px\" \/><\/a><\/p>\n<div style=\"position: relative; top: -20px; padding-left: 76px; padding-right: 76px; font-size: 10px; line-height: 14px;\" align=\"center\">The universities whose image appear here do not imply our preference for a certain law school.<br \/>\nThey are just images of well known universities. Our goal is that our website visitor gets inspiration from the pictures.<\/div>\n<h2>Partners<\/h2>\n<div class=\"accordionItem\">\n<h2>\u25ca Cl\u00e1udio Maur\u00edcio Freddo \u00a0\u00a0<span style=\"font-size: 10px;\">(LLM Columbia 2000 \u2013 JD USP 1996 &#8211; Journalism USP 1991)<\/span><\/h2>\n<div>\n<p>Lawyer in S\u00e3o Paulo, Claudio Mauricio Freddo practice includes administrative, financial and corporate law, most especially in government procurement, project finance and contracts. He taught the subject \u201cCorporations\u201d in Insper, S\u00e3o Paulo. Wrote fortnightly about PPP in the brazilian newspaper \u201cGazeta Mercatil\u201d finance section between 2003 and 2005. Freddo is one of the founding partners of Freddo Advogados.<\/p>\n<p>Freddo represented clients in significant privatizations in Brazil, including CEG\/Riog\u00e1s and the Terminal de Cont\u00eaineres do Porto de Santos, both in 1997, and also telecom companies from the old Telebr\u00e1s system, in 1998. He advised clients also in other government procurement procedures. He has experience in trials before the brazilian Superior Court of Justice and the Administrative Counsel for Economic Defence (CADE).<\/p>\n<p>As international associate of american law firm Milbank, Tweed, Hadley &amp; McCloy in New York, in 2000 and 2001, Freddo took part in operations concerning debt and equity offerings and represented lenders in the project finance \u201cBarracuda e Pescada\u201d.<\/p>\n<p>Claudio M. Freddo studied law at the Faculdade de Direito da USP (1996) and journalism at the Escola de Comunica\u00e7\u00f5es e Artes da USP (1991). In 2000, he earned his LL.M degree at Columbia University, in New York. Is a member of Brazilian Bar Association since 1997. Claudio M. Freddo received a scolarship from Funda\u00e7\u00e3o Estudar (1999) and was board member at that organization (2003 a 2006). He speaks English, Spanish and Portuguese (native language).<\/p>\n<\/div>\n<\/div>\n<div class=\"accordionItem\">\n<h2>\u25ca Emanuel de Abreu Pessoa \u00a0\u00a0<span style=\"font-size: 10px;\">(LLM &#8211; Harvard 2012 &#8211; Masters Degree\u00a0&#8211; UFC 2008 &#8211; JD\u00a0UFC 2006)<\/span><\/h2>\n<div>\n<p>Lawyer in S\u00e3o Paulo and Fortaleza, awarded twice as one of the \u201cMost Admired Lawyers of the State of Cear\u00e1\u201d (2009-2010 and 2012-2013), Emanuel de Abreu Pessoa acts in Civil, Tax and Administrative Law. It was administrator-partner at Arag\u00e3o &amp; Pessoa Advogados Associados (law firm) and is currently Chief Financial Officer (CFO) at MOBIBAN.CO, an alternative payment methods startup. With strong academic experience, Pessoa works as a teacher at the Escola Superior da Magistratura do Estado do Cear\u00e1 since 2008; and in the Universidade Federal do Cear\u00e1 since 2007 ministering the following subjects: Contracts (Aug. 2007\/ Jun. 2011; Dec. 2012 until now), Property Law (Aug. 2007\/ Dec. 2010), Corporate Law (Jul. 2010\/Dec. 2010), Private International Law (Feb. 2011\/Jun. 2011), Law of Obligations (Feb. 2011\/Jun. 2011).Emanuel de Abreu Pessoa got his Bachelor of Laws degree cum magna laude by Universidade Federal do Cear\u00e1 in 2006, and his Master of Laws degree in the same University in 2008. In 2012 earned another Master of Laws degree by Harvard Law School in Cambridge, MA.<\/p>\n<p>In 2014 iniciated his Laws Ph.D. studies at the Universidade de S\u00e3o Paulo. Has got scolarships from Funda\u00e7\u00e3o Estudar in 2011, from Instituto Ling in the same year and from the Conselho Nacional de Desenvolvimento Cient\u00edfico e Tecnol\u00f3gico, CNPq between 2006 and 2008. Speaks english and spanish.<\/p>\n<\/div>\n<\/div>\n<h2>Associates<\/h2>\n<p>Ask for a complete list of our attorneys through our <strong><a href=\"mailto:contato@freddoa.com\">e-mail<\/a><\/strong>.<\/p>\n<h2><\/h2>\n<h2>Consultants<\/h2>\n<div class=\"accordionItem\">\n<h2>\u25ca Fernando de Moura Azevedo <span style=\"font-size: 10px;\">(MBA USP 2008 &#8211; JD USP 1981 &#8211; History USP 1982)<\/span><\/h2>\n<div>\n<p>Lawyer in S\u00e3o Paulo, Fernando de Moura Azevedo practice includes a full attendance concerning different kinds of real estate transactions, in which he practices all the necessary real estate-linked branches of law, such construction, corporate, contract, tax and administrative law.<\/p>\n<p>He has experience in real estate transactions such as acquisitions, alienations and property development. As general counsel of well known S\u00e3o Paulo real estate companies, Moura Azevedo has leaded, for over fifteen years, several transactions including acquisitions, negotiations between property owners, regularization in real estate deeds office and public agencies, property development and condominium incorporation.<\/p>\n<p>Fernando de Moura Azevedo has studied law at the Faculdade de Direito da Universidade de S\u00e3o Paulo (1981) and History at the Faculdade de Filosofia Letras e Ci\u00eancias Humanas da USP (1982). He also attended a MBA course in \u201cReal Estate Development\u201d (USP &#8211; 2008).<\/p>\n<\/div>\n<\/div>\n","protected":false},"excerpt":{"rendered":"<p>The universities whose image appear here do not imply our preference for a certain law school. They are just images of well known universities. Our goal is that our website visitor gets inspiration from the pictures. Partners \u25ca Cl\u00e1udio Maur\u00edcio<\/p>\n","protected":false},"author":1,"featured_media":0,"parent":0,"menu_order":3,"comment_status":"closed","ping_status":"closed","template":"","meta":{"footnotes":""},"_links":{"self":[{"href":"https:\/\/www.freddoa.com\/eng\/index.php\/wp-json\/wp\/v2\/pages\/187"}],"collection":[{"href":"https:\/\/www.freddoa.com\/eng\/index.php\/wp-json\/wp\/v2\/pages"}],"about":[{"href":"https:\/\/www.freddoa.com\/eng\/index.php\/wp-json\/wp\/v2\/types\/page"}],"author":[{"embeddable":true,"href":"https:\/\/www.freddoa.com\/eng\/index.php\/wp-json\/wp\/v2\/users\/1"}],"replies":[{"embeddable":true,"href":"https:\/\/www.freddoa.com\/eng\/index.php\/wp-json\/wp\/v2\/comments?post=187"}],"version-history":[{"count":20,"href":"https:\/\/www.freddoa.com\/eng\/index.php\/wp-json\/wp\/v2\/pages\/187\/revisions"}],"predecessor-version":[{"id":260,"href":"https:\/\/www.freddoa.com\/eng\/index.php\/wp-json\/wp\/v2\/pages\/187\/revisions\/260"}],"wp:attachment":[{"href":"https:\/\/www.freddoa.com\/eng\/index.php\/wp-json\/wp\/v2\/media?parent=187"}],"curies":[{"name":"wp","href":"https:\/\/api.w.org\/{rel}","templated":true}]}}